{"id":8701,"date":"2021-12-01T17:21:58","date_gmt":"2021-12-01T16:21:58","guid":{"rendered":"https:\/\/novadesta.eu\/producto\/uncategorized\/chalet-unico-con-sotano-en-monte-y-mar-gran-alacant-ref-414\/"},"modified":"2023-02-01T15:24:55","modified_gmt":"2023-02-01T14:24:55","slug":"chalet-unico-con-sotano-en-monte-y-mar-gran-alacant-ref-414","status":"publish","type":"product","link":"https:\/\/novadesta.eu\/en\/product\/chalet-unico-con-sotano-en-monte-y-mar-gran-alacant-ref-414\/","title":{"rendered":"UNIQUE VILLA WITH CELLAR ON MONTE Y MAR, GRAN ALACANT \u2013 REF 414"},"content":{"rendered":"<p>This beautiful and unique villa is located in Monte y Mar in Gran Alacant. The house has 2 floors + roof terrace and has a total built area of approx \u200b\u200b190 m2. The plot has an area of \u200b\u200b341 m2 and is largely tiled with various green borders and there is a private swimming pool of 5 x 10 m that can also be heated by an electric heat pump. There is also an outdoor shower.<\/p>\n<p>All walls of the house are extra insulated, keeping it warmer indoors in winter and cooler in summer. In addition, this house has electric underfloor heating and air conditioning.<\/p>\n<p>Ground floor: Modern kitchen with high-quality equipment, such as dishwasher, combi oven, microwave, induction hob with integrated extractor and an American fridge. There is a living \/ dining room with fireplace, covered terrace with glass harmonica windshield on 1 side and mountain views, 3 bedrooms and 2 bathrooms, 1 of which is en-suite.<\/p>\n<p>Through the garden you come to the entrance of the basement. A very large space that is fully tiled and offers many possibilities. At the moment it is used as a parking garage (automatic garage door), laundry room and storage, but extra rooms can also be made here. On this floor there is also a machine room with the equipment for heating the pool.<\/p>\n<p>An outside staircase leads to a large sunny roof terrace of 35 m2 with panoramic view.<\/p>\n<p>In short; a very beautiful, high-quality and well-maintained villa that is definitely worth a visit!<\/p>\n","protected":false},"excerpt":{"rendered":"<p>This beautiful and unique villa is located in Monte y Mar in Gran Alacant. The house has 2 floors + roof terrace and has a total built area of approx \u200b\u200b190 m2. The plot has an area of \u200b\u200b341 m2 and is largely tiled with various green borders and there is a private swimming pool of 5 x 10 m that can also be heated by an electric heat pump. There is also an outdoor shower.<\/p>\n<p>All walls of the house are extra insulated, keeping it warmer indoors in winter and cooler in summer. In addition, this house has electric underfloor heating and air conditioning.<\/p>\n<p>Ground floor: Modern kitchen with high-quality equipment, such as dishwasher, combi oven, microwave, induction hob with integrated extractor and an American fridge. There is a living \/ dining room with fireplace, covered terrace with glass harmonica windshield on 1 side and mountain views, 3 bedrooms and 2 bathrooms, 1 of which is en-suite.<\/p>\n<p>Through the garden you come to the entrance of the basement. A very large space that is fully tiled and offers many possibilities. At the moment it is used as a parking garage (automatic garage door), laundry room and storage, but extra rooms can also be made here. On this floor there is also a machine room with the equipment for heating the pool.<\/p>\n<p>An outside staircase leads to a large sunny roof terrace of 35 m2 with panoramic view.<\/p>\n<p>In short; a very beautiful, high-quality and well-maintained villa that is definitely worth a visit!<\/p>\n","protected":false},"featured_media":7668,"template":"","meta":{"_acf_changed":false},"product_brand":[],"product_cat":[],"product_tag":[],"class_list":{"0":"post-8701","1":"product","2":"type-product","3":"status-publish","4":"has-post-thumbnail","6":"sales-flash-overlay","7":"woocommerce-text-align-left","8":"woocommerce-image-align-left","9":"do-quantity-buttons","10":"wc-has-gallery","12":"first","13":"instock","14":"shipping-taxable","15":"purchasable","16":"product-type-simple"},"acf":{"ubicacion_novadesta":"Gran Alacant, Monte y Mar","numero_de_dormitorios":"3 bedrooms","Numero de ba\u00f1os":"2 toilets","area\u00c1rea":"341 m2 plot, 190 m2 house","otras_carecteristicas":"<h3 class=\"basico\">Basic characteristics<\/h3>\r\n<ul>\r\n \t<li>Independent chalet<\/li>\r\n \t<li>Gran Alicante<\/li>\r\n \t<li>Mountain and Sea Area<\/li>\r\n \t<li>190 m\u00b2 of surface<\/li>\r\n \t<li>341 m\u00b2 of plot<\/li>\r\n \t<li>In good state<\/li>\r\n \t<li>2-storey house<\/li>\r\n<\/ul>\r\n<h3 class=\"dormitorios\">Bedrooms<\/h3>\r\n<ul>\r\n \t<li>3 Bedrooms<\/li>\r\n<\/ul>\r\n<h3 class=\"cocina\">Kitchen<\/h3>\r\n<ul>\r\n \t<li>American kitchen<\/li>\r\n \t<li>Refrigerator \/ fridge<\/li>\r\n \t<li>Dishwasher<\/li>\r\n \t<li>Washing machine<\/li>\r\n \t<li>Kiln<\/li>\r\n \t<li>Microwave oven<\/li>\r\n<\/ul>","otras_caracteristicas_bloque_2":"<h3 class=\"banos\">Baths, showers and toilets<\/h3>\r\n<ul>\r\n \t<li>2 bathrooms<\/li>\r\n<\/ul>\r\n<h3 class=\"extras\">Additional services<\/h3>\r\n<ul>\r\n \t<li>It has air conditioning<\/li>\r\n \t<li>Electric heating<\/li>\r\n \t<li>Has a fireplace<\/li>\r\n \t<li>Installed alarm<\/li>\r\n \t<li>Basement<\/li>\r\n \t<li>Laundry room<\/li>\r\n<\/ul>\r\n<h3 class=\"aparcamiento\">Parking<\/h3>\r\n<ul>\r\n \t<li>Underground parking<\/li>\r\n \t<li>Parking with automatic gate<\/li>\r\n<\/ul>\r\n<h3 class=\"exterior\">Exterior<\/h3>\r\n<ul>\r\n \t<li>Private pool<\/li>\r\n \t<li>Climatized pool<\/li>\r\n \t<li>Solarium<\/li>\r\n \t<li>Garden<\/li>\r\n<\/ul>\r\n<h3 class=\"entorno\">Around<\/h3>\r\n<ul>\r\n \t<li>Good comunicated<\/li>\r\n \t<li>Mountain View<\/li>\r\n \t<li>3 km away from the sea<\/li>\r\n \t<li>10 km away from the airport<\/li>\r\n \t<li>Close to supermarkets<\/li>\r\n \t<li>Close to schools<\/li>\r\n \t<li>Close to medical center<\/li>\r\n \t<li>Close to green areas<\/li>\r\n \t<li>Close to transportation<\/li>\r\n<\/ul>"},"yoast_head":"<!-- This site is optimized with the Yoast SEO plugin v27.3 - https:\/\/yoast.com\/product\/yoast-seo-wordpress\/ -->\n<title>UNIQUE VILLA WITH CELLAR ON MONTE Y MAR, GRAN ALACANT \u2013 REF 414 - Novadesta<\/title>\n<meta name=\"description\" content=\"Esta hermoso y \u00fanico chalet se encuentra en Monte y Mar en Gran Alacant. La casa tiene 2 plantas + azotea y tiene una superficie total construida de aprox. 190 m2. La parcela tiene una superficie de 341 m2 y est\u00e1 en gran parte alicatada con varios bordes verdes y hay una piscina privada de 5 x 10 m que tambi\u00e9n se puede calentar con una bomba de calor el\u00e9ctrica.\" \/>\n<meta name=\"robots\" content=\"index, follow, max-snippet:-1, max-image-preview:large, max-video-preview:-1\" \/>\n<link rel=\"canonical\" href=\"https:\/\/novadesta.eu\/en\/product\/chalet-unico-con-sotano-en-monte-y-mar-gran-alacant-ref-414\/\" \/>\n<meta property=\"og:locale\" content=\"en_US\" \/>\n<meta property=\"og:type\" content=\"article\" \/>\n<meta property=\"og:title\" content=\"UNIQUE VILLA WITH CELLAR ON MONTE Y MAR, GRAN ALACANT \u2013 REF 414 - Novadesta\" \/>\n<meta property=\"og:description\" content=\"Esta hermoso y \u00fanico chalet se encuentra en Monte y Mar en Gran Alacant. La casa tiene 2 plantas + azotea y tiene una superficie total construida de aprox. 190 m2. La parcela tiene una superficie de 341 m2 y est\u00e1 en gran parte alicatada con varios bordes verdes y hay una piscina privada de 5 x 10 m que tambi\u00e9n se puede calentar con una bomba de calor el\u00e9ctrica.\" \/>\n<meta property=\"og:url\" content=\"https:\/\/novadesta.eu\/en\/product\/chalet-unico-con-sotano-en-monte-y-mar-gran-alacant-ref-414\/\" \/>\n<meta property=\"og:site_name\" content=\"Novadesta\" \/>\n<meta property=\"article:modified_time\" content=\"2023-02-01T14:24:55+00:00\" \/>\n<meta property=\"og:image\" content=\"https:\/\/novadesta.eu\/wp-content\/uploads\/2021\/12\/0-1024x768-1.jpg\" \/>\n\t<meta property=\"og:image:width\" content=\"1024\" \/>\n\t<meta property=\"og:image:height\" content=\"768\" \/>\n\t<meta property=\"og:image:type\" content=\"image\/jpeg\" \/>\n<meta name=\"twitter:card\" content=\"summary_large_image\" \/>\n<meta name=\"twitter:label1\" content=\"Est. reading time\" \/>\n\t<meta name=\"twitter:data1\" content=\"2 minutes\" \/>\n<script type=\"application\/ld+json\" class=\"yoast-schema-graph\">{\"@context\":\"https:\\\/\\\/schema.org\",\"@graph\":[{\"@type\":\"WebPage\",\"@id\":\"https:\\\/\\\/novadesta.eu\\\/en\\\/product\\\/chalet-unico-con-sotano-en-monte-y-mar-gran-alacant-ref-414\\\/\",\"url\":\"https:\\\/\\\/novadesta.eu\\\/en\\\/product\\\/chalet-unico-con-sotano-en-monte-y-mar-gran-alacant-ref-414\\\/\",\"name\":\"UNIQUE VILLA WITH CELLAR ON MONTE Y MAR, GRAN ALACANT \u2013 REF 414 - Novadesta\",\"isPartOf\":{\"@id\":\"https:\\\/\\\/novadesta.eu\\\/en\\\/#website\"},\"primaryImageOfPage\":{\"@id\":\"https:\\\/\\\/novadesta.eu\\\/en\\\/product\\\/chalet-unico-con-sotano-en-monte-y-mar-gran-alacant-ref-414\\\/#primaryimage\"},\"image\":{\"@id\":\"https:\\\/\\\/novadesta.eu\\\/en\\\/product\\\/chalet-unico-con-sotano-en-monte-y-mar-gran-alacant-ref-414\\\/#primaryimage\"},\"thumbnailUrl\":\"https:\\\/\\\/novadesta.eu\\\/wp-content\\\/uploads\\\/2021\\\/12\\\/0-1024x768-1.jpg\",\"datePublished\":\"2021-12-01T16:21:58+00:00\",\"dateModified\":\"2023-02-01T14:24:55+00:00\",\"description\":\"Esta hermoso y \u00fanico chalet se encuentra en Monte y Mar en Gran Alacant. La casa tiene 2 plantas + azotea y tiene una superficie total construida de aprox. 190 m2. La parcela tiene una superficie de 341 m2 y est\u00e1 en gran parte alicatada con varios bordes verdes y hay una piscina privada de 5 x 10 m que tambi\u00e9n se puede calentar con una bomba de calor el\u00e9ctrica.\",\"breadcrumb\":{\"@id\":\"https:\\\/\\\/novadesta.eu\\\/en\\\/product\\\/chalet-unico-con-sotano-en-monte-y-mar-gran-alacant-ref-414\\\/#breadcrumb\"},\"inLanguage\":\"en-US\",\"potentialAction\":[{\"@type\":\"ReadAction\",\"target\":[\"https:\\\/\\\/novadesta.eu\\\/en\\\/product\\\/chalet-unico-con-sotano-en-monte-y-mar-gran-alacant-ref-414\\\/\"]}]},{\"@type\":\"ImageObject\",\"inLanguage\":\"en-US\",\"@id\":\"https:\\\/\\\/novadesta.eu\\\/en\\\/product\\\/chalet-unico-con-sotano-en-monte-y-mar-gran-alacant-ref-414\\\/#primaryimage\",\"url\":\"https:\\\/\\\/novadesta.eu\\\/wp-content\\\/uploads\\\/2021\\\/12\\\/0-1024x768-1.jpg\",\"contentUrl\":\"https:\\\/\\\/novadesta.eu\\\/wp-content\\\/uploads\\\/2021\\\/12\\\/0-1024x768-1.jpg\",\"width\":1024,\"height\":768},{\"@type\":\"BreadcrumbList\",\"@id\":\"https:\\\/\\\/novadesta.eu\\\/en\\\/product\\\/chalet-unico-con-sotano-en-monte-y-mar-gran-alacant-ref-414\\\/#breadcrumb\",\"itemListElement\":[{\"@type\":\"ListItem\",\"position\":1,\"name\":\"Products\",\"item\":\"https:\\\/\\\/novadesta.eu\\\/en\\\/shop\\\/\"},{\"@type\":\"ListItem\",\"position\":2,\"name\":\"UNIQUE VILLA WITH CELLAR ON MONTE Y MAR, GRAN ALACANT \u2013 REF 414\"}]},{\"@type\":\"WebSite\",\"@id\":\"https:\\\/\\\/novadesta.eu\\\/en\\\/#website\",\"url\":\"https:\\\/\\\/novadesta.eu\\\/en\\\/\",\"name\":\"Novadesta\",\"description\":\"Alquiler Vacacional\",\"publisher\":{\"@id\":\"https:\\\/\\\/novadesta.eu\\\/en\\\/#organization\"},\"potentialAction\":[{\"@type\":\"SearchAction\",\"target\":{\"@type\":\"EntryPoint\",\"urlTemplate\":\"https:\\\/\\\/novadesta.eu\\\/en\\\/?s={search_term_string}\"},\"query-input\":{\"@type\":\"PropertyValueSpecification\",\"valueRequired\":true,\"valueName\":\"search_term_string\"}}],\"inLanguage\":\"en-US\"},{\"@type\":\"Organization\",\"@id\":\"https:\\\/\\\/novadesta.eu\\\/en\\\/#organization\",\"name\":\"Novadesta\",\"url\":\"https:\\\/\\\/novadesta.eu\\\/en\\\/\",\"logo\":{\"@type\":\"ImageObject\",\"inLanguage\":\"en-US\",\"@id\":\"https:\\\/\\\/novadesta.eu\\\/en\\\/#\\\/schema\\\/logo\\\/image\\\/\",\"url\":\"https:\\\/\\\/novadesta.eu\\\/wp-content\\\/uploads\\\/2020\\\/09\\\/cropped-logo-novadesta-1.png\",\"contentUrl\":\"https:\\\/\\\/novadesta.eu\\\/wp-content\\\/uploads\\\/2020\\\/09\\\/cropped-logo-novadesta-1.png\",\"width\":960,\"height\":327,\"caption\":\"Novadesta\"},\"image\":{\"@id\":\"https:\\\/\\\/novadesta.eu\\\/en\\\/#\\\/schema\\\/logo\\\/image\\\/\"}}]}<\/script>\n<!-- \/ Yoast SEO plugin. -->","yoast_head_json":{"title":"UNIQUE VILLA WITH CELLAR ON MONTE Y MAR, GRAN ALACANT \u2013 REF 414 - Novadesta","description":"Esta hermoso y \u00fanico chalet se encuentra en Monte y Mar en Gran Alacant. La casa tiene 2 plantas + azotea y tiene una superficie total construida de aprox. 190 m2. La parcela tiene una superficie de 341 m2 y est\u00e1 en gran parte alicatada con varios bordes verdes y hay una piscina privada de 5 x 10 m que tambi\u00e9n se puede calentar con una bomba de calor el\u00e9ctrica.","robots":{"index":"index","follow":"follow","max-snippet":"max-snippet:-1","max-image-preview":"max-image-preview:large","max-video-preview":"max-video-preview:-1"},"canonical":"https:\/\/novadesta.eu\/en\/product\/chalet-unico-con-sotano-en-monte-y-mar-gran-alacant-ref-414\/","og_locale":"en_US","og_type":"article","og_title":"UNIQUE VILLA WITH CELLAR ON MONTE Y MAR, GRAN ALACANT \u2013 REF 414 - Novadesta","og_description":"Esta hermoso y \u00fanico chalet se encuentra en Monte y Mar en Gran Alacant. La casa tiene 2 plantas + azotea y tiene una superficie total construida de aprox. 190 m2. La parcela tiene una superficie de 341 m2 y est\u00e1 en gran parte alicatada con varios bordes verdes y hay una piscina privada de 5 x 10 m que tambi\u00e9n se puede calentar con una bomba de calor el\u00e9ctrica.","og_url":"https:\/\/novadesta.eu\/en\/product\/chalet-unico-con-sotano-en-monte-y-mar-gran-alacant-ref-414\/","og_site_name":"Novadesta","article_modified_time":"2023-02-01T14:24:55+00:00","og_image":[{"width":1024,"height":768,"url":"https:\/\/novadesta.eu\/wp-content\/uploads\/2021\/12\/0-1024x768-1.jpg","type":"image\/jpeg"}],"twitter_card":"summary_large_image","twitter_misc":{"Est. reading time":"2 minutes"},"schema":{"@context":"https:\/\/schema.org","@graph":[{"@type":"WebPage","@id":"https:\/\/novadesta.eu\/en\/product\/chalet-unico-con-sotano-en-monte-y-mar-gran-alacant-ref-414\/","url":"https:\/\/novadesta.eu\/en\/product\/chalet-unico-con-sotano-en-monte-y-mar-gran-alacant-ref-414\/","name":"UNIQUE VILLA WITH CELLAR ON MONTE Y MAR, GRAN ALACANT \u2013 REF 414 - Novadesta","isPartOf":{"@id":"https:\/\/novadesta.eu\/en\/#website"},"primaryImageOfPage":{"@id":"https:\/\/novadesta.eu\/en\/product\/chalet-unico-con-sotano-en-monte-y-mar-gran-alacant-ref-414\/#primaryimage"},"image":{"@id":"https:\/\/novadesta.eu\/en\/product\/chalet-unico-con-sotano-en-monte-y-mar-gran-alacant-ref-414\/#primaryimage"},"thumbnailUrl":"https:\/\/novadesta.eu\/wp-content\/uploads\/2021\/12\/0-1024x768-1.jpg","datePublished":"2021-12-01T16:21:58+00:00","dateModified":"2023-02-01T14:24:55+00:00","description":"Esta hermoso y \u00fanico chalet se encuentra en Monte y Mar en Gran Alacant. La casa tiene 2 plantas + azotea y tiene una superficie total construida de aprox. 190 m2. La parcela tiene una superficie de 341 m2 y est\u00e1 en gran parte alicatada con varios bordes verdes y hay una piscina privada de 5 x 10 m que tambi\u00e9n se puede calentar con una bomba de calor el\u00e9ctrica.","breadcrumb":{"@id":"https:\/\/novadesta.eu\/en\/product\/chalet-unico-con-sotano-en-monte-y-mar-gran-alacant-ref-414\/#breadcrumb"},"inLanguage":"en-US","potentialAction":[{"@type":"ReadAction","target":["https:\/\/novadesta.eu\/en\/product\/chalet-unico-con-sotano-en-monte-y-mar-gran-alacant-ref-414\/"]}]},{"@type":"ImageObject","inLanguage":"en-US","@id":"https:\/\/novadesta.eu\/en\/product\/chalet-unico-con-sotano-en-monte-y-mar-gran-alacant-ref-414\/#primaryimage","url":"https:\/\/novadesta.eu\/wp-content\/uploads\/2021\/12\/0-1024x768-1.jpg","contentUrl":"https:\/\/novadesta.eu\/wp-content\/uploads\/2021\/12\/0-1024x768-1.jpg","width":1024,"height":768},{"@type":"BreadcrumbList","@id":"https:\/\/novadesta.eu\/en\/product\/chalet-unico-con-sotano-en-monte-y-mar-gran-alacant-ref-414\/#breadcrumb","itemListElement":[{"@type":"ListItem","position":1,"name":"Products","item":"https:\/\/novadesta.eu\/en\/shop\/"},{"@type":"ListItem","position":2,"name":"UNIQUE VILLA WITH CELLAR ON MONTE Y MAR, GRAN ALACANT \u2013 REF 414"}]},{"@type":"WebSite","@id":"https:\/\/novadesta.eu\/en\/#website","url":"https:\/\/novadesta.eu\/en\/","name":"Novadesta","description":"Alquiler Vacacional","publisher":{"@id":"https:\/\/novadesta.eu\/en\/#organization"},"potentialAction":[{"@type":"SearchAction","target":{"@type":"EntryPoint","urlTemplate":"https:\/\/novadesta.eu\/en\/?s={search_term_string}"},"query-input":{"@type":"PropertyValueSpecification","valueRequired":true,"valueName":"search_term_string"}}],"inLanguage":"en-US"},{"@type":"Organization","@id":"https:\/\/novadesta.eu\/en\/#organization","name":"Novadesta","url":"https:\/\/novadesta.eu\/en\/","logo":{"@type":"ImageObject","inLanguage":"en-US","@id":"https:\/\/novadesta.eu\/en\/#\/schema\/logo\/image\/","url":"https:\/\/novadesta.eu\/wp-content\/uploads\/2020\/09\/cropped-logo-novadesta-1.png","contentUrl":"https:\/\/novadesta.eu\/wp-content\/uploads\/2020\/09\/cropped-logo-novadesta-1.png","width":960,"height":327,"caption":"Novadesta"},"image":{"@id":"https:\/\/novadesta.eu\/en\/#\/schema\/logo\/image\/"}}]}},"_links":{"self":[{"href":"https:\/\/novadesta.eu\/en\/wp-json\/wp\/v2\/product\/8701","targetHints":{"allow":["GET"]}}],"collection":[{"href":"https:\/\/novadesta.eu\/en\/wp-json\/wp\/v2\/product"}],"about":[{"href":"https:\/\/novadesta.eu\/en\/wp-json\/wp\/v2\/types\/product"}],"version-history":[{"count":0,"href":"https:\/\/novadesta.eu\/en\/wp-json\/wp\/v2\/product\/8701\/revisions"}],"wp:featuredmedia":[{"embeddable":true,"href":"https:\/\/novadesta.eu\/en\/wp-json\/wp\/v2\/media\/7668"}],"wp:attachment":[{"href":"https:\/\/novadesta.eu\/en\/wp-json\/wp\/v2\/media?parent=8701"}],"wp:term":[{"taxonomy":"product_brand","embeddable":true,"href":"https:\/\/novadesta.eu\/en\/wp-json\/wp\/v2\/product_brand?post=8701"},{"taxonomy":"product_cat","embeddable":true,"href":"https:\/\/novadesta.eu\/en\/wp-json\/wp\/v2\/product_cat?post=8701"},{"taxonomy":"product_tag","embeddable":true,"href":"https:\/\/novadesta.eu\/en\/wp-json\/wp\/v2\/product_tag?post=8701"}],"curies":[{"name":"wp","href":"https:\/\/api.w.org\/{rel}","templated":true}]}}