{"id":8725,"date":"2022-01-11T19:28:54","date_gmt":"2023-02-01T09:30:54","guid":{"rendered":"https:\/\/novadesta.eu\/producto\/uncategorized\/precioso-apartamento-en-esquina-de-planta-baja-en-puerto-marino-gran-alacant-ref-420\/"},"modified":"2023-02-01T14:08:15","modified_gmt":"2023-02-01T13:08:15","slug":"planta_alta_de-esquina_en_urb_novamar_3_en_gran_alacant_ref_409","status":"publish","type":"product","link":"https:\/\/novadesta.eu\/en\/product\/planta_alta_de-esquina_en_urb_novamar_3_en_gran_alacant_ref_409\/","title":{"rendered":"TOP FLOOR CORNER APARTMENT ON URB. NOVAMAR 3 IN GRAN ALACANT &#8211; REF 409"},"content":{"rendered":"<p>Top floor corner apartment for sale on urbanization Novamar 3 in Gran Alacant. There is a large communal swimming pool on walking distance available on the urbanization.<\/p>\n<p>The apartment, situated on the first floor, is adjacent to a green zone, also at the front, which makes it a very quiet and natural area to live. The total surface is 75 m2 and consists of a covered balcony, living\/dining room with air conditioning, fully equipped kitchen, utility room, 2 bedrooms and 1 bathroom with bath, wash basin, toilet and bidet.<br \/>\nThe apartment also has a private parking space in the underground garage below the block.<\/p>\n<p>The property is 1 km from the sandy and natural beach Carabassi and the nature reserve El Glot is behind the door. Restaurants and a small supermarket are available at a short distance from the house.<\/p>\n<p>At 2 km from the house there is a shopping center with Lidl, Mercadona, Consum and many other nice shops and restaurants.<br \/>\nDuring the day you can enjoy the peace, a book, a glass of wine or a splash in the swimming pool. You will soon feel at home in this apartment.<\/p>\n<p>In short, this apartment could be the ideal residence for you and is definitely worth a visit!<\/p>\n","protected":false},"excerpt":{"rendered":"<p>Top floor corner apartment for sale on urbanization Novamar 3 in Gran Alacant. There is a large communal swimming pool on walking distance available on the urbanization.<\/p>\n<p>The apartment, situated on the first floor, is adjacent to a green zone, also at the front, which makes it a very quiet and natural area to live. The total surface is 75 m2 and consists of a covered balcony, living\/dining room with air conditioning, fully equipped kitchen, utility room, 2 bedrooms and 1 bathroom with bath, wash basin, toilet and bidet.<br \/>\nThe apartment also has a private parking space in the underground garage below the block.<\/p>\n<p>The property is 1 km from the sandy and natural beach Carabassi and the nature reserve El Glot is behind the door. Restaurants and a small supermarket are available at a short distance from the house.<\/p>\n<p>At 2 km from the house there is a shopping center with Lidl, Mercadona, Consum and many other nice shops and restaurants.<br \/>\nDuring the day you can enjoy the peace, a book, a glass of wine or a splash in the swimming pool. You will soon feel at home in this apartment.<\/p>\n<p>In short, this apartment could be the ideal residence for you and is definitely worth a visit!<\/p>\n","protected":false},"featured_media":9593,"template":"","meta":{"_acf_changed":false},"product_brand":[],"product_cat":[],"product_tag":[],"class_list":{"0":"post-8725","1":"product","2":"type-product","3":"status-publish","4":"has-post-thumbnail","6":"sales-flash-overlay","7":"woocommerce-text-align-left","8":"woocommerce-image-align-left","9":"do-quantity-buttons","10":"wc-has-gallery","12":"first","13":"instock","14":"shipping-taxable","15":"purchasable","16":"product-type-simple"},"acf":{"ubicacion_novadesta":"Gran Alacant","numero_de_dormitorios":"2 bedrooms","Numero de ba\u00f1os":"1 Bath","area\u00c1rea":"75 m\u00b2","otras_carecteristicas":"<h3 class=\"basico\">Basic characteristics<\/h3>\r\n<ul>\r\n \t<li>Apartment<\/li>\r\n \t<li>Gran Alacant<\/li>\r\n \t<li>Coastal<\/li>\r\n \t<li>75 m\u00b2 of surface<\/li>\r\n \t<li>In good state<\/li>\r\n \t<li>Northwest Orientation<\/li>\r\n \t<li>Furnished house<\/li>\r\n<\/ul>\r\n<h3 class=\"dormitorios\">Bedrooms<\/h3>\r\n<ul>\r\n \t<li>2 Bedrooms<\/li>\r\n<\/ul>\r\n<h3 class=\"salon\">Kitchen<\/h3>\r\n<ul>\r\n \t<li>American kitchen<\/li>\r\n<\/ul>\r\n<h3 class=\"banos\">Baths, showers and toilets<\/h3>\r\n<ul>\r\n \t<li>1 bathroom<\/li>\r\n<\/ul>","otras_caracteristicas_bloque_2":"<h3 class=\"extras\">Additional services<\/h3>\r\n<ul>\r\n \t<li>It has air conditioning<\/li>\r\n<\/ul>\r\n<h3 class=\"aparcamiento\">Parking<\/h3>\r\n<ul>\r\n \t<li>Private underground parking<\/li>\r\n<\/ul>\r\n<h3 class=\"exterior\">Exterior<\/h3>\r\n<ul>\r\n \t<li>Communal swimming pool<\/li>\r\n \t<li>Communal gardens<\/li>\r\n<\/ul>\r\n<h3 class=\"entorno\">Around<\/h3>\r\n<ul>\r\n \t<li>Good comunicated<\/li>\r\n \t<li>1 km away from the sea<\/li>\r\n \t<li>10 km away from the airport<\/li>\r\n \t<li>Close to supermarkets<\/li>\r\n \t<li>Close to schools<\/li>\r\n \t<li>Close to medical center<\/li>\r\n \t<li>Close to leisure area<\/li>\r\n \t<li>Close to sports area<\/li>\r\n \t<li>Close to green areas<\/li>\r\n \t<li>Close to transportation<\/li>\r\n<\/ul>"},"yoast_head":"<!-- This site is optimized with the Yoast SEO plugin v27.3 - https:\/\/yoast.com\/product\/yoast-seo-wordpress\/ -->\n<title>TOP FLOOR CORNER APARTMENT ON URB. NOVAMAR 3 IN GRAN ALACANT - REF 409 - Novadesta<\/title>\n<meta name=\"description\" content=\"Apartamento, ubicado en el primer piso, se encuentra junto a una zona verde, tambi\u00e9n al frente, lo que lo convierte en un \u00e1rea muy tranquila y natural para vivir. La superficie total es de 75 m2 y consta de balc\u00f3n cubierto, sal\u00f3n comedor con aire acondicionado, cocina completamente equipada, galer\u00eda, 2 dormitorios y 1 ba\u00f1o con ba\u00f1era, lavabo, aseo y bidet.El apartamento tambi\u00e9n tiene una plaza de aparcamiento privado en el garaje subterr\u00e1neo debajo del bloque.\" \/>\n<meta name=\"robots\" content=\"index, follow, max-snippet:-1, max-image-preview:large, max-video-preview:-1\" \/>\n<link rel=\"canonical\" href=\"https:\/\/novadesta.eu\/en\/product\/planta_alta_de-esquina_en_urb_novamar_3_en_gran_alacant_ref_409\/\" \/>\n<meta property=\"og:locale\" content=\"en_US\" \/>\n<meta property=\"og:type\" content=\"article\" \/>\n<meta property=\"og:title\" content=\"TOP FLOOR CORNER APARTMENT ON URB. NOVAMAR 3 IN GRAN ALACANT - REF 409 - Novadesta\" \/>\n<meta property=\"og:description\" content=\"Apartamento, ubicado en el primer piso, se encuentra junto a una zona verde, tambi\u00e9n al frente, lo que lo convierte en un \u00e1rea muy tranquila y natural para vivir. La superficie total es de 75 m2 y consta de balc\u00f3n cubierto, sal\u00f3n comedor con aire acondicionado, cocina completamente equipada, galer\u00eda, 2 dormitorios y 1 ba\u00f1o con ba\u00f1era, lavabo, aseo y bidet.El apartamento tambi\u00e9n tiene una plaza de aparcamiento privado en el garaje subterr\u00e1neo debajo del bloque.\" \/>\n<meta property=\"og:url\" content=\"https:\/\/novadesta.eu\/en\/product\/planta_alta_de-esquina_en_urb_novamar_3_en_gran_alacant_ref_409\/\" \/>\n<meta property=\"og:site_name\" content=\"Novadesta\" \/>\n<meta property=\"article:modified_time\" content=\"2023-02-01T13:08:15+00:00\" \/>\n<meta property=\"og:image\" content=\"https:\/\/novadesta.eu\/wp-content\/uploads\/2022\/01\/1.jpg\" \/>\n\t<meta property=\"og:image:width\" content=\"1920\" \/>\n\t<meta property=\"og:image:height\" content=\"1440\" \/>\n\t<meta property=\"og:image:type\" content=\"image\/jpeg\" \/>\n<meta name=\"twitter:card\" content=\"summary_large_image\" \/>\n<meta name=\"twitter:label1\" content=\"Est. reading time\" \/>\n\t<meta name=\"twitter:data1\" content=\"1 minute\" \/>\n<script type=\"application\/ld+json\" class=\"yoast-schema-graph\">{\"@context\":\"https:\\\/\\\/schema.org\",\"@graph\":[{\"@type\":\"WebPage\",\"@id\":\"https:\\\/\\\/novadesta.eu\\\/en\\\/product\\\/planta_alta_de-esquina_en_urb_novamar_3_en_gran_alacant_ref_409\\\/\",\"url\":\"https:\\\/\\\/novadesta.eu\\\/en\\\/product\\\/planta_alta_de-esquina_en_urb_novamar_3_en_gran_alacant_ref_409\\\/\",\"name\":\"TOP FLOOR CORNER APARTMENT ON URB. NOVAMAR 3 IN GRAN ALACANT - REF 409 - Novadesta\",\"isPartOf\":{\"@id\":\"https:\\\/\\\/novadesta.eu\\\/en\\\/#website\"},\"primaryImageOfPage\":{\"@id\":\"https:\\\/\\\/novadesta.eu\\\/en\\\/product\\\/planta_alta_de-esquina_en_urb_novamar_3_en_gran_alacant_ref_409\\\/#primaryimage\"},\"image\":{\"@id\":\"https:\\\/\\\/novadesta.eu\\\/en\\\/product\\\/planta_alta_de-esquina_en_urb_novamar_3_en_gran_alacant_ref_409\\\/#primaryimage\"},\"thumbnailUrl\":\"https:\\\/\\\/novadesta.eu\\\/wp-content\\\/uploads\\\/2022\\\/01\\\/1.jpg\",\"datePublished\":\"2023-02-01T09:30:54+00:00\",\"dateModified\":\"2023-02-01T13:08:15+00:00\",\"description\":\"Apartamento, ubicado en el primer piso, se encuentra junto a una zona verde, tambi\u00e9n al frente, lo que lo convierte en un \u00e1rea muy tranquila y natural para vivir. La superficie total es de 75 m2 y consta de balc\u00f3n cubierto, sal\u00f3n comedor con aire acondicionado, cocina completamente equipada, galer\u00eda, 2 dormitorios y 1 ba\u00f1o con ba\u00f1era, lavabo, aseo y bidet.El apartamento tambi\u00e9n tiene una plaza de aparcamiento privado en el garaje subterr\u00e1neo debajo del bloque.\",\"breadcrumb\":{\"@id\":\"https:\\\/\\\/novadesta.eu\\\/en\\\/product\\\/planta_alta_de-esquina_en_urb_novamar_3_en_gran_alacant_ref_409\\\/#breadcrumb\"},\"inLanguage\":\"en-US\",\"potentialAction\":[{\"@type\":\"ReadAction\",\"target\":[\"https:\\\/\\\/novadesta.eu\\\/en\\\/product\\\/planta_alta_de-esquina_en_urb_novamar_3_en_gran_alacant_ref_409\\\/\"]}]},{\"@type\":\"ImageObject\",\"inLanguage\":\"en-US\",\"@id\":\"https:\\\/\\\/novadesta.eu\\\/en\\\/product\\\/planta_alta_de-esquina_en_urb_novamar_3_en_gran_alacant_ref_409\\\/#primaryimage\",\"url\":\"https:\\\/\\\/novadesta.eu\\\/wp-content\\\/uploads\\\/2022\\\/01\\\/1.jpg\",\"contentUrl\":\"https:\\\/\\\/novadesta.eu\\\/wp-content\\\/uploads\\\/2022\\\/01\\\/1.jpg\",\"width\":1920,\"height\":1440},{\"@type\":\"BreadcrumbList\",\"@id\":\"https:\\\/\\\/novadesta.eu\\\/en\\\/product\\\/planta_alta_de-esquina_en_urb_novamar_3_en_gran_alacant_ref_409\\\/#breadcrumb\",\"itemListElement\":[{\"@type\":\"ListItem\",\"position\":1,\"name\":\"Products\",\"item\":\"https:\\\/\\\/novadesta.eu\\\/en\\\/shop\\\/\"},{\"@type\":\"ListItem\",\"position\":2,\"name\":\"TOP FLOOR CORNER APARTMENT ON URB. NOVAMAR 3 IN GRAN ALACANT &#8211; REF 409\"}]},{\"@type\":\"WebSite\",\"@id\":\"https:\\\/\\\/novadesta.eu\\\/en\\\/#website\",\"url\":\"https:\\\/\\\/novadesta.eu\\\/en\\\/\",\"name\":\"Novadesta\",\"description\":\"Alquiler Vacacional\",\"publisher\":{\"@id\":\"https:\\\/\\\/novadesta.eu\\\/en\\\/#organization\"},\"potentialAction\":[{\"@type\":\"SearchAction\",\"target\":{\"@type\":\"EntryPoint\",\"urlTemplate\":\"https:\\\/\\\/novadesta.eu\\\/en\\\/?s={search_term_string}\"},\"query-input\":{\"@type\":\"PropertyValueSpecification\",\"valueRequired\":true,\"valueName\":\"search_term_string\"}}],\"inLanguage\":\"en-US\"},{\"@type\":\"Organization\",\"@id\":\"https:\\\/\\\/novadesta.eu\\\/en\\\/#organization\",\"name\":\"Novadesta\",\"url\":\"https:\\\/\\\/novadesta.eu\\\/en\\\/\",\"logo\":{\"@type\":\"ImageObject\",\"inLanguage\":\"en-US\",\"@id\":\"https:\\\/\\\/novadesta.eu\\\/en\\\/#\\\/schema\\\/logo\\\/image\\\/\",\"url\":\"https:\\\/\\\/novadesta.eu\\\/wp-content\\\/uploads\\\/2020\\\/09\\\/cropped-logo-novadesta-1.png\",\"contentUrl\":\"https:\\\/\\\/novadesta.eu\\\/wp-content\\\/uploads\\\/2020\\\/09\\\/cropped-logo-novadesta-1.png\",\"width\":960,\"height\":327,\"caption\":\"Novadesta\"},\"image\":{\"@id\":\"https:\\\/\\\/novadesta.eu\\\/en\\\/#\\\/schema\\\/logo\\\/image\\\/\"}}]}<\/script>\n<!-- \/ Yoast SEO plugin. -->","yoast_head_json":{"title":"TOP FLOOR CORNER APARTMENT ON URB. NOVAMAR 3 IN GRAN ALACANT - REF 409 - Novadesta","description":"Apartamento, ubicado en el primer piso, se encuentra junto a una zona verde, tambi\u00e9n al frente, lo que lo convierte en un \u00e1rea muy tranquila y natural para vivir. La superficie total es de 75 m2 y consta de balc\u00f3n cubierto, sal\u00f3n comedor con aire acondicionado, cocina completamente equipada, galer\u00eda, 2 dormitorios y 1 ba\u00f1o con ba\u00f1era, lavabo, aseo y bidet.El apartamento tambi\u00e9n tiene una plaza de aparcamiento privado en el garaje subterr\u00e1neo debajo del bloque.","robots":{"index":"index","follow":"follow","max-snippet":"max-snippet:-1","max-image-preview":"max-image-preview:large","max-video-preview":"max-video-preview:-1"},"canonical":"https:\/\/novadesta.eu\/en\/product\/planta_alta_de-esquina_en_urb_novamar_3_en_gran_alacant_ref_409\/","og_locale":"en_US","og_type":"article","og_title":"TOP FLOOR CORNER APARTMENT ON URB. NOVAMAR 3 IN GRAN ALACANT - REF 409 - Novadesta","og_description":"Apartamento, ubicado en el primer piso, se encuentra junto a una zona verde, tambi\u00e9n al frente, lo que lo convierte en un \u00e1rea muy tranquila y natural para vivir. La superficie total es de 75 m2 y consta de balc\u00f3n cubierto, sal\u00f3n comedor con aire acondicionado, cocina completamente equipada, galer\u00eda, 2 dormitorios y 1 ba\u00f1o con ba\u00f1era, lavabo, aseo y bidet.El apartamento tambi\u00e9n tiene una plaza de aparcamiento privado en el garaje subterr\u00e1neo debajo del bloque.","og_url":"https:\/\/novadesta.eu\/en\/product\/planta_alta_de-esquina_en_urb_novamar_3_en_gran_alacant_ref_409\/","og_site_name":"Novadesta","article_modified_time":"2023-02-01T13:08:15+00:00","og_image":[{"width":1920,"height":1440,"url":"https:\/\/novadesta.eu\/wp-content\/uploads\/2022\/01\/1.jpg","type":"image\/jpeg"}],"twitter_card":"summary_large_image","twitter_misc":{"Est. reading time":"1 minute"},"schema":{"@context":"https:\/\/schema.org","@graph":[{"@type":"WebPage","@id":"https:\/\/novadesta.eu\/en\/product\/planta_alta_de-esquina_en_urb_novamar_3_en_gran_alacant_ref_409\/","url":"https:\/\/novadesta.eu\/en\/product\/planta_alta_de-esquina_en_urb_novamar_3_en_gran_alacant_ref_409\/","name":"TOP FLOOR CORNER APARTMENT ON URB. NOVAMAR 3 IN GRAN ALACANT - REF 409 - Novadesta","isPartOf":{"@id":"https:\/\/novadesta.eu\/en\/#website"},"primaryImageOfPage":{"@id":"https:\/\/novadesta.eu\/en\/product\/planta_alta_de-esquina_en_urb_novamar_3_en_gran_alacant_ref_409\/#primaryimage"},"image":{"@id":"https:\/\/novadesta.eu\/en\/product\/planta_alta_de-esquina_en_urb_novamar_3_en_gran_alacant_ref_409\/#primaryimage"},"thumbnailUrl":"https:\/\/novadesta.eu\/wp-content\/uploads\/2022\/01\/1.jpg","datePublished":"2023-02-01T09:30:54+00:00","dateModified":"2023-02-01T13:08:15+00:00","description":"Apartamento, ubicado en el primer piso, se encuentra junto a una zona verde, tambi\u00e9n al frente, lo que lo convierte en un \u00e1rea muy tranquila y natural para vivir. La superficie total es de 75 m2 y consta de balc\u00f3n cubierto, sal\u00f3n comedor con aire acondicionado, cocina completamente equipada, galer\u00eda, 2 dormitorios y 1 ba\u00f1o con ba\u00f1era, lavabo, aseo y bidet.El apartamento tambi\u00e9n tiene una plaza de aparcamiento privado en el garaje subterr\u00e1neo debajo del bloque.","breadcrumb":{"@id":"https:\/\/novadesta.eu\/en\/product\/planta_alta_de-esquina_en_urb_novamar_3_en_gran_alacant_ref_409\/#breadcrumb"},"inLanguage":"en-US","potentialAction":[{"@type":"ReadAction","target":["https:\/\/novadesta.eu\/en\/product\/planta_alta_de-esquina_en_urb_novamar_3_en_gran_alacant_ref_409\/"]}]},{"@type":"ImageObject","inLanguage":"en-US","@id":"https:\/\/novadesta.eu\/en\/product\/planta_alta_de-esquina_en_urb_novamar_3_en_gran_alacant_ref_409\/#primaryimage","url":"https:\/\/novadesta.eu\/wp-content\/uploads\/2022\/01\/1.jpg","contentUrl":"https:\/\/novadesta.eu\/wp-content\/uploads\/2022\/01\/1.jpg","width":1920,"height":1440},{"@type":"BreadcrumbList","@id":"https:\/\/novadesta.eu\/en\/product\/planta_alta_de-esquina_en_urb_novamar_3_en_gran_alacant_ref_409\/#breadcrumb","itemListElement":[{"@type":"ListItem","position":1,"name":"Products","item":"https:\/\/novadesta.eu\/en\/shop\/"},{"@type":"ListItem","position":2,"name":"TOP FLOOR CORNER APARTMENT ON URB. NOVAMAR 3 IN GRAN ALACANT &#8211; REF 409"}]},{"@type":"WebSite","@id":"https:\/\/novadesta.eu\/en\/#website","url":"https:\/\/novadesta.eu\/en\/","name":"Novadesta","description":"Alquiler Vacacional","publisher":{"@id":"https:\/\/novadesta.eu\/en\/#organization"},"potentialAction":[{"@type":"SearchAction","target":{"@type":"EntryPoint","urlTemplate":"https:\/\/novadesta.eu\/en\/?s={search_term_string}"},"query-input":{"@type":"PropertyValueSpecification","valueRequired":true,"valueName":"search_term_string"}}],"inLanguage":"en-US"},{"@type":"Organization","@id":"https:\/\/novadesta.eu\/en\/#organization","name":"Novadesta","url":"https:\/\/novadesta.eu\/en\/","logo":{"@type":"ImageObject","inLanguage":"en-US","@id":"https:\/\/novadesta.eu\/en\/#\/schema\/logo\/image\/","url":"https:\/\/novadesta.eu\/wp-content\/uploads\/2020\/09\/cropped-logo-novadesta-1.png","contentUrl":"https:\/\/novadesta.eu\/wp-content\/uploads\/2020\/09\/cropped-logo-novadesta-1.png","width":960,"height":327,"caption":"Novadesta"},"image":{"@id":"https:\/\/novadesta.eu\/en\/#\/schema\/logo\/image\/"}}]}},"_links":{"self":[{"href":"https:\/\/novadesta.eu\/en\/wp-json\/wp\/v2\/product\/8725","targetHints":{"allow":["GET"]}}],"collection":[{"href":"https:\/\/novadesta.eu\/en\/wp-json\/wp\/v2\/product"}],"about":[{"href":"https:\/\/novadesta.eu\/en\/wp-json\/wp\/v2\/types\/product"}],"version-history":[{"count":0,"href":"https:\/\/novadesta.eu\/en\/wp-json\/wp\/v2\/product\/8725\/revisions"}],"wp:featuredmedia":[{"embeddable":true,"href":"https:\/\/novadesta.eu\/en\/wp-json\/wp\/v2\/media\/9593"}],"wp:attachment":[{"href":"https:\/\/novadesta.eu\/en\/wp-json\/wp\/v2\/media?parent=8725"}],"wp:term":[{"taxonomy":"product_brand","embeddable":true,"href":"https:\/\/novadesta.eu\/en\/wp-json\/wp\/v2\/product_brand?post=8725"},{"taxonomy":"product_cat","embeddable":true,"href":"https:\/\/novadesta.eu\/en\/wp-json\/wp\/v2\/product_cat?post=8725"},{"taxonomy":"product_tag","embeddable":true,"href":"https:\/\/novadesta.eu\/en\/wp-json\/wp\/v2\/product_tag?post=8725"}],"curies":[{"name":"wp","href":"https:\/\/api.w.org\/{rel}","templated":true}]}}