{"id":8704,"date":"2021-12-01T17:21:58","date_gmt":"2021-12-01T16:21:58","guid":{"rendered":"https:\/\/novadesta.eu\/producto\/niet-gecategoriseerd\/chalet-unico-con-sotano-en-monte-y-mar-gran-alacant-ref-414\/"},"modified":"2023-02-01T15:37:41","modified_gmt":"2023-02-01T14:37:41","slug":"chalet-unico-con-sotano-en-monte-y-mar-gran-alacant-ref-414","status":"publish","type":"product","link":"https:\/\/novadesta.eu\/nl\/product\/chalet-unico-con-sotano-en-monte-y-mar-gran-alacant-ref-414\/","title":{"rendered":"UNIEKE VILLA MET KELDER OP URB. MONTE Y MAR, GRAN ALACANT \u2013 REF 414"},"content":{"rendered":"<p>Deze mooie en unieke villa is gelegen in Monte y Mar in Gran Alacant. De woning beschikt over 2 verdiepingen + dakterras en heeft een totale bebouwde oppervlakte van ongeveer 190 m2. Het perceel heeft een oppervlakte van 341 m2 en is grotendeels betegeld met verschillende groenborders en er is een prive zwembad van 5 x 10 m die tevens verwarmd kan worden dmv electrische warmtepomp. Er is tevens een buitendouche.<\/p>\n<p>Alle muren van de woning zijn extra geisoleerd, waardoor het \u00b4s winters binnen warmer blijft en zomers koeler. Daarnaast beschikt deze woning over electrische vloerverwarming en airconditioning.<\/p>\n<p>Begane grond: Moderne keuken met hoogwaardige apparatuur, zoals vaatwasser, combi oven, magnetron, inductiekookplaat met geintregeerde afzuiger en een amerikaanse koelkast. Er is een woon\/eetkamer met openhaard, overdekt terras met glazen harmonica windscherm aan 1 kant en bergzicht, 3 slaapkamers en 2 badkamers, waar van 1 ensuite.<\/p>\n<p>Via de tuin komt u bij de ingang van de kelderverdieping. Een zeer grote ruimte die volledig is betegeld en veel mogelijkheden biedt. Op dit moment wordt het gebruikt als parkeergarage (automatische garagedeur) wasruimte en opslag, maar er kunnen hier ook extra kamers gemaakt worden. Verder is er op deze verdieping een machine kamer met de apparatuur voor de verwarming van het zwembad.<\/p>\n<p>Via een buitentrap komt u op een groot, zonnig dakterras van 35 m2 met panoramisch uitzicht.<\/p>\n<p>Kortom; een zeer mooie, kwalitatieve en goed onderhouden villa die zeker een bezichtiging waard is!<\/p>\n","protected":false},"excerpt":{"rendered":"<p>Deze mooie en unieke villa is gelegen in Monte y Mar in Gran Alacant. De woning beschikt over 2 verdiepingen + dakterras en heeft een totale bebouwde oppervlakte van ongeveer 190 m2. Het perceel heeft een oppervlakte van 341 m2 en is grotendeels betegeld met verschillende groenborders en er is een prive zwembad van 5 x 10 m die tevens verwarmd kan worden dmv electrische warmtepomp. Er is tevens een buitendouche.<\/p>\n<p>Alle muren van de woning zijn extra geisoleerd, waardoor het \u00b4s winters binnen warmer blijft en zomers koeler. Daarnaast beschikt deze woning over electrische vloerverwarming en airconditioning.<\/p>\n<p>Begane grond: Moderne keuken met hoogwaardige apparatuur, zoals vaatwasser, combi oven, magnetron, inductiekookplaat met geintregeerde afzuiger en een amerikaanse koelkast. Er is een woon\/eetkamer met openhaard, overdekt terras met glazen harmonica windscherm aan 1 kant en bergzicht, 3 slaapkamers en 2 badkamers, waar van 1 ensuite.<\/p>\n<p>Via de tuin komt u bij de ingang van de kelderverdieping. Een zeer grote ruimte die volledig is betegeld en veel mogelijkheden biedt. Op dit moment wordt het gebruikt als parkeergarage (automatische garagedeur) wasruimte en opslag, maar er kunnen hier ook extra kamers gemaakt worden. Verder is er op deze verdieping een machine kamer met de apparatuur voor de verwarming van het zwembad.<\/p>\n<p>Via een buitentrap komt u op een groot, zonnig dakterras van 35 m2 met panoramisch uitzicht.<\/p>\n<p>Kortom; een zeer mooie, kwalitatieve en goed onderhouden villa die zeker een bezichtiging waard is!<\/p>\n","protected":false},"featured_media":7667,"template":"","meta":{"_acf_changed":false},"product_brand":[],"product_cat":[],"product_tag":[],"class_list":{"0":"post-8704","1":"product","2":"type-product","3":"status-publish","4":"has-post-thumbnail","6":"sales-flash-overlay","7":"woocommerce-text-align-left","8":"woocommerce-image-align-left","9":"do-quantity-buttons","10":"wc-has-gallery","12":"first","13":"instock","14":"shipping-taxable","15":"purchasable","16":"product-type-simple"},"acf":{"ubicacion_novadesta":"Gran Alacant, Monte y Mar","numero_de_dormitorios":"3 slaapkamers","Numero de ba\u00f1os":"2 Toiletten","area\u00c1rea":"341 m\u00b2","otras_carecteristicas":"<h3 class=\"basico\">Basiskenmerken<\/h3>\r\n<ul>\r\n \t<li>Villa<\/li>\r\n \t<li>Gran Alacant<\/li>\r\n \t<li>Berg- en zeegebied<\/li>\r\n \t<li>190 m\u00b2 oppervlakte<\/li>\r\n \t<li>341 m\u00b2 perceel<\/li>\r\n \t<li>In goede staat<\/li>\r\n \t<li>Huis met 2 verdiepingen<\/li>\r\n<\/ul>\r\n<h3 class=\"dormitorios\">Slaapkamers<\/h3>\r\n<ul>\r\n \t<li>3 Slaapkamers<\/li>\r\n<\/ul>\r\n<h3 class=\"cocina\">Keuken<\/h3>\r\n<ul>\r\n \t<li>Open keuken<\/li>\r\n<\/ul>\r\n<h3 class=\"cocina\">Badkamers<\/h3>\r\n<ul>\r\n \t<li>2 badkamers<\/li>\r\n<\/ul>","otras_caracteristicas_bloque_2":"<h3 class=\"servicios adicionales\">Extra kenmerken<\/h3>\r\n<ul>\r\n \t<li>Airconditioning<\/li>\r\n \t<li>Elektrische verwarming<\/li>\r\n \t<li>Openhaard<\/li>\r\n \t<li>Alarm systeem<\/li>\r\n \t<li>Kelder<\/li>\r\n \t<li>Aparte wasruimte<\/li>\r\n<\/ul>\r\n<h3 class=\"aparcamiento\">Parkeren<\/h3>\r\n<ul>\r\n \t<li>Parkeren in garage<\/li>\r\n \t<li>Garage heeft automatische deur<\/li>\r\n<\/ul>\r\n<h3 class=\"exterior\">Buiten<\/h3>\r\n<ul>\r\n \t<li>Priv\u00e9 zwembad<\/li>\r\n \t<li>Verwarmd zwembad<\/li>\r\n \t<li>Solarium<\/li>\r\n \t<li>Tuin<\/li>\r\n<\/ul>\r\n<h3 class=\"entorno\">Omgeving<\/h3>\r\n<ul>\r\n \t<li>Goed gelegen<\/li>\r\n \t<li>Bergzicht<\/li>\r\n \t<li>3 km van zee<\/li>\r\n \t<li>10 km van Alicante Airport<\/li>\r\n \t<li>Dicht bij supermarkten<\/li>\r\n \t<li>Dicht bij scholen<\/li>\r\n \t<li>Dicht bij medische kliniek<\/li>\r\n \t<li>Dicht bij natuurgebied<\/li>\r\n \t<li>Dicht bij openbaar vervoer<\/li>\r\n<\/ul>"},"yoast_head":"<!-- This site is optimized with the Yoast SEO plugin v27.4 - https:\/\/yoast.com\/product\/yoast-seo-wordpress\/ -->\n<title>UNIEKE VILLA MET KELDER OP URB. MONTE Y MAR, GRAN ALACANT \u2013 REF 414 - Novadesta<\/title>\n<meta name=\"description\" content=\"Esta hermoso y \u00fanico chalet se encuentra en Monte y Mar en Gran Alacant. La casa tiene 2 plantas + azotea y tiene una superficie total construida de aprox. 190 m2. La parcela tiene una superficie de 341 m2 y est\u00e1 en gran parte alicatada con varios bordes verdes y hay una piscina privada de 5 x 10 m que tambi\u00e9n se puede calentar con una bomba de calor el\u00e9ctrica.\" \/>\n<meta name=\"robots\" content=\"index, follow, max-snippet:-1, max-image-preview:large, max-video-preview:-1\" \/>\n<link rel=\"canonical\" href=\"https:\/\/novadesta.eu\/nl\/product\/chalet-unico-con-sotano-en-monte-y-mar-gran-alacant-ref-414\/\" \/>\n<meta property=\"og:locale\" content=\"nl_NL\" \/>\n<meta property=\"og:type\" content=\"article\" \/>\n<meta property=\"og:title\" content=\"UNIEKE VILLA MET KELDER OP URB. MONTE Y MAR, GRAN ALACANT \u2013 REF 414 - Novadesta\" \/>\n<meta property=\"og:description\" content=\"Esta hermoso y \u00fanico chalet se encuentra en Monte y Mar en Gran Alacant. La casa tiene 2 plantas + azotea y tiene una superficie total construida de aprox. 190 m2. La parcela tiene una superficie de 341 m2 y est\u00e1 en gran parte alicatada con varios bordes verdes y hay una piscina privada de 5 x 10 m que tambi\u00e9n se puede calentar con una bomba de calor el\u00e9ctrica.\" \/>\n<meta property=\"og:url\" content=\"https:\/\/novadesta.eu\/nl\/product\/chalet-unico-con-sotano-en-monte-y-mar-gran-alacant-ref-414\/\" \/>\n<meta property=\"og:site_name\" content=\"Novadesta\" \/>\n<meta property=\"article:modified_time\" content=\"2023-02-01T14:37:41+00:00\" \/>\n<meta property=\"og:image\" content=\"https:\/\/novadesta.eu\/wp-content\/uploads\/2021\/12\/0-1024x768-1.jpg\" \/>\n\t<meta property=\"og:image:width\" content=\"1024\" \/>\n\t<meta property=\"og:image:height\" content=\"768\" \/>\n\t<meta property=\"og:image:type\" content=\"image\/jpeg\" \/>\n<meta name=\"twitter:card\" content=\"summary_large_image\" \/>\n<meta name=\"twitter:label1\" content=\"Geschatte leestijd\" \/>\n\t<meta name=\"twitter:data1\" content=\"2 minuten\" \/>\n<script type=\"application\/ld+json\" class=\"yoast-schema-graph\">{\"@context\":\"https:\\\/\\\/schema.org\",\"@graph\":[{\"@type\":\"WebPage\",\"@id\":\"https:\\\/\\\/novadesta.eu\\\/nl\\\/product\\\/chalet-unico-con-sotano-en-monte-y-mar-gran-alacant-ref-414\\\/\",\"url\":\"https:\\\/\\\/novadesta.eu\\\/nl\\\/product\\\/chalet-unico-con-sotano-en-monte-y-mar-gran-alacant-ref-414\\\/\",\"name\":\"UNIEKE VILLA MET KELDER OP URB. MONTE Y MAR, GRAN ALACANT \u2013 REF 414 - Novadesta\",\"isPartOf\":{\"@id\":\"https:\\\/\\\/novadesta.eu\\\/nl\\\/#website\"},\"primaryImageOfPage\":{\"@id\":\"https:\\\/\\\/novadesta.eu\\\/nl\\\/product\\\/chalet-unico-con-sotano-en-monte-y-mar-gran-alacant-ref-414\\\/#primaryimage\"},\"image\":{\"@id\":\"https:\\\/\\\/novadesta.eu\\\/nl\\\/product\\\/chalet-unico-con-sotano-en-monte-y-mar-gran-alacant-ref-414\\\/#primaryimage\"},\"thumbnailUrl\":\"https:\\\/\\\/novadesta.eu\\\/wp-content\\\/uploads\\\/2021\\\/12\\\/0-1024x768-1.jpg\",\"datePublished\":\"2021-12-01T16:21:58+00:00\",\"dateModified\":\"2023-02-01T14:37:41+00:00\",\"description\":\"Esta hermoso y \u00fanico chalet se encuentra en Monte y Mar en Gran Alacant. La casa tiene 2 plantas + azotea y tiene una superficie total construida de aprox. 190 m2. La parcela tiene una superficie de 341 m2 y est\u00e1 en gran parte alicatada con varios bordes verdes y hay una piscina privada de 5 x 10 m que tambi\u00e9n se puede calentar con una bomba de calor el\u00e9ctrica.\",\"breadcrumb\":{\"@id\":\"https:\\\/\\\/novadesta.eu\\\/nl\\\/product\\\/chalet-unico-con-sotano-en-monte-y-mar-gran-alacant-ref-414\\\/#breadcrumb\"},\"inLanguage\":\"nl-NL\",\"potentialAction\":[{\"@type\":\"ReadAction\",\"target\":[\"https:\\\/\\\/novadesta.eu\\\/nl\\\/product\\\/chalet-unico-con-sotano-en-monte-y-mar-gran-alacant-ref-414\\\/\"]}]},{\"@type\":\"ImageObject\",\"inLanguage\":\"nl-NL\",\"@id\":\"https:\\\/\\\/novadesta.eu\\\/nl\\\/product\\\/chalet-unico-con-sotano-en-monte-y-mar-gran-alacant-ref-414\\\/#primaryimage\",\"url\":\"https:\\\/\\\/novadesta.eu\\\/wp-content\\\/uploads\\\/2021\\\/12\\\/0-1024x768-1.jpg\",\"contentUrl\":\"https:\\\/\\\/novadesta.eu\\\/wp-content\\\/uploads\\\/2021\\\/12\\\/0-1024x768-1.jpg\",\"width\":1024,\"height\":768},{\"@type\":\"BreadcrumbList\",\"@id\":\"https:\\\/\\\/novadesta.eu\\\/nl\\\/product\\\/chalet-unico-con-sotano-en-monte-y-mar-gran-alacant-ref-414\\\/#breadcrumb\",\"itemListElement\":[{\"@type\":\"ListItem\",\"position\":1,\"name\":\"Producten\",\"item\":\"https:\\\/\\\/novadesta.eu\\\/nl\\\/shop\\\/\"},{\"@type\":\"ListItem\",\"position\":2,\"name\":\"UNIEKE VILLA MET KELDER OP URB. MONTE Y MAR, GRAN ALACANT \u2013 REF 414\"}]},{\"@type\":\"WebSite\",\"@id\":\"https:\\\/\\\/novadesta.eu\\\/nl\\\/#website\",\"url\":\"https:\\\/\\\/novadesta.eu\\\/nl\\\/\",\"name\":\"Novadesta\",\"description\":\"Alquiler Vacacional\",\"publisher\":{\"@id\":\"https:\\\/\\\/novadesta.eu\\\/nl\\\/#organization\"},\"potentialAction\":[{\"@type\":\"SearchAction\",\"target\":{\"@type\":\"EntryPoint\",\"urlTemplate\":\"https:\\\/\\\/novadesta.eu\\\/nl\\\/?s={search_term_string}\"},\"query-input\":{\"@type\":\"PropertyValueSpecification\",\"valueRequired\":true,\"valueName\":\"search_term_string\"}}],\"inLanguage\":\"nl-NL\"},{\"@type\":\"Organization\",\"@id\":\"https:\\\/\\\/novadesta.eu\\\/nl\\\/#organization\",\"name\":\"Novadesta\",\"url\":\"https:\\\/\\\/novadesta.eu\\\/nl\\\/\",\"logo\":{\"@type\":\"ImageObject\",\"inLanguage\":\"nl-NL\",\"@id\":\"https:\\\/\\\/novadesta.eu\\\/nl\\\/#\\\/schema\\\/logo\\\/image\\\/\",\"url\":\"https:\\\/\\\/novadesta.eu\\\/wp-content\\\/uploads\\\/2020\\\/09\\\/cropped-logo-novadesta-1.png\",\"contentUrl\":\"https:\\\/\\\/novadesta.eu\\\/wp-content\\\/uploads\\\/2020\\\/09\\\/cropped-logo-novadesta-1.png\",\"width\":960,\"height\":327,\"caption\":\"Novadesta\"},\"image\":{\"@id\":\"https:\\\/\\\/novadesta.eu\\\/nl\\\/#\\\/schema\\\/logo\\\/image\\\/\"}}]}<\/script>\n<!-- \/ Yoast SEO plugin. -->","yoast_head_json":{"title":"UNIEKE VILLA MET KELDER OP URB. MONTE Y MAR, GRAN ALACANT \u2013 REF 414 - Novadesta","description":"Esta hermoso y \u00fanico chalet se encuentra en Monte y Mar en Gran Alacant. La casa tiene 2 plantas + azotea y tiene una superficie total construida de aprox. 190 m2. La parcela tiene una superficie de 341 m2 y est\u00e1 en gran parte alicatada con varios bordes verdes y hay una piscina privada de 5 x 10 m que tambi\u00e9n se puede calentar con una bomba de calor el\u00e9ctrica.","robots":{"index":"index","follow":"follow","max-snippet":"max-snippet:-1","max-image-preview":"max-image-preview:large","max-video-preview":"max-video-preview:-1"},"canonical":"https:\/\/novadesta.eu\/nl\/product\/chalet-unico-con-sotano-en-monte-y-mar-gran-alacant-ref-414\/","og_locale":"nl_NL","og_type":"article","og_title":"UNIEKE VILLA MET KELDER OP URB. MONTE Y MAR, GRAN ALACANT \u2013 REF 414 - Novadesta","og_description":"Esta hermoso y \u00fanico chalet se encuentra en Monte y Mar en Gran Alacant. La casa tiene 2 plantas + azotea y tiene una superficie total construida de aprox. 190 m2. La parcela tiene una superficie de 341 m2 y est\u00e1 en gran parte alicatada con varios bordes verdes y hay una piscina privada de 5 x 10 m que tambi\u00e9n se puede calentar con una bomba de calor el\u00e9ctrica.","og_url":"https:\/\/novadesta.eu\/nl\/product\/chalet-unico-con-sotano-en-monte-y-mar-gran-alacant-ref-414\/","og_site_name":"Novadesta","article_modified_time":"2023-02-01T14:37:41+00:00","og_image":[{"width":1024,"height":768,"url":"https:\/\/novadesta.eu\/wp-content\/uploads\/2021\/12\/0-1024x768-1.jpg","type":"image\/jpeg"}],"twitter_card":"summary_large_image","twitter_misc":{"Geschatte leestijd":"2 minuten"},"schema":{"@context":"https:\/\/schema.org","@graph":[{"@type":"WebPage","@id":"https:\/\/novadesta.eu\/nl\/product\/chalet-unico-con-sotano-en-monte-y-mar-gran-alacant-ref-414\/","url":"https:\/\/novadesta.eu\/nl\/product\/chalet-unico-con-sotano-en-monte-y-mar-gran-alacant-ref-414\/","name":"UNIEKE VILLA MET KELDER OP URB. MONTE Y MAR, GRAN ALACANT \u2013 REF 414 - Novadesta","isPartOf":{"@id":"https:\/\/novadesta.eu\/nl\/#website"},"primaryImageOfPage":{"@id":"https:\/\/novadesta.eu\/nl\/product\/chalet-unico-con-sotano-en-monte-y-mar-gran-alacant-ref-414\/#primaryimage"},"image":{"@id":"https:\/\/novadesta.eu\/nl\/product\/chalet-unico-con-sotano-en-monte-y-mar-gran-alacant-ref-414\/#primaryimage"},"thumbnailUrl":"https:\/\/novadesta.eu\/wp-content\/uploads\/2021\/12\/0-1024x768-1.jpg","datePublished":"2021-12-01T16:21:58+00:00","dateModified":"2023-02-01T14:37:41+00:00","description":"Esta hermoso y \u00fanico chalet se encuentra en Monte y Mar en Gran Alacant. La casa tiene 2 plantas + azotea y tiene una superficie total construida de aprox. 190 m2. La parcela tiene una superficie de 341 m2 y est\u00e1 en gran parte alicatada con varios bordes verdes y hay una piscina privada de 5 x 10 m que tambi\u00e9n se puede calentar con una bomba de calor el\u00e9ctrica.","breadcrumb":{"@id":"https:\/\/novadesta.eu\/nl\/product\/chalet-unico-con-sotano-en-monte-y-mar-gran-alacant-ref-414\/#breadcrumb"},"inLanguage":"nl-NL","potentialAction":[{"@type":"ReadAction","target":["https:\/\/novadesta.eu\/nl\/product\/chalet-unico-con-sotano-en-monte-y-mar-gran-alacant-ref-414\/"]}]},{"@type":"ImageObject","inLanguage":"nl-NL","@id":"https:\/\/novadesta.eu\/nl\/product\/chalet-unico-con-sotano-en-monte-y-mar-gran-alacant-ref-414\/#primaryimage","url":"https:\/\/novadesta.eu\/wp-content\/uploads\/2021\/12\/0-1024x768-1.jpg","contentUrl":"https:\/\/novadesta.eu\/wp-content\/uploads\/2021\/12\/0-1024x768-1.jpg","width":1024,"height":768},{"@type":"BreadcrumbList","@id":"https:\/\/novadesta.eu\/nl\/product\/chalet-unico-con-sotano-en-monte-y-mar-gran-alacant-ref-414\/#breadcrumb","itemListElement":[{"@type":"ListItem","position":1,"name":"Producten","item":"https:\/\/novadesta.eu\/nl\/shop\/"},{"@type":"ListItem","position":2,"name":"UNIEKE VILLA MET KELDER OP URB. MONTE Y MAR, GRAN ALACANT \u2013 REF 414"}]},{"@type":"WebSite","@id":"https:\/\/novadesta.eu\/nl\/#website","url":"https:\/\/novadesta.eu\/nl\/","name":"Novadesta","description":"Alquiler Vacacional","publisher":{"@id":"https:\/\/novadesta.eu\/nl\/#organization"},"potentialAction":[{"@type":"SearchAction","target":{"@type":"EntryPoint","urlTemplate":"https:\/\/novadesta.eu\/nl\/?s={search_term_string}"},"query-input":{"@type":"PropertyValueSpecification","valueRequired":true,"valueName":"search_term_string"}}],"inLanguage":"nl-NL"},{"@type":"Organization","@id":"https:\/\/novadesta.eu\/nl\/#organization","name":"Novadesta","url":"https:\/\/novadesta.eu\/nl\/","logo":{"@type":"ImageObject","inLanguage":"nl-NL","@id":"https:\/\/novadesta.eu\/nl\/#\/schema\/logo\/image\/","url":"https:\/\/novadesta.eu\/wp-content\/uploads\/2020\/09\/cropped-logo-novadesta-1.png","contentUrl":"https:\/\/novadesta.eu\/wp-content\/uploads\/2020\/09\/cropped-logo-novadesta-1.png","width":960,"height":327,"caption":"Novadesta"},"image":{"@id":"https:\/\/novadesta.eu\/nl\/#\/schema\/logo\/image\/"}}]}},"_links":{"self":[{"href":"https:\/\/novadesta.eu\/nl\/wp-json\/wp\/v2\/product\/8704","targetHints":{"allow":["GET"]}}],"collection":[{"href":"https:\/\/novadesta.eu\/nl\/wp-json\/wp\/v2\/product"}],"about":[{"href":"https:\/\/novadesta.eu\/nl\/wp-json\/wp\/v2\/types\/product"}],"version-history":[{"count":0,"href":"https:\/\/novadesta.eu\/nl\/wp-json\/wp\/v2\/product\/8704\/revisions"}],"wp:featuredmedia":[{"embeddable":true,"href":"https:\/\/novadesta.eu\/nl\/wp-json\/wp\/v2\/media\/7667"}],"wp:attachment":[{"href":"https:\/\/novadesta.eu\/nl\/wp-json\/wp\/v2\/media?parent=8704"}],"wp:term":[{"taxonomy":"product_brand","embeddable":true,"href":"https:\/\/novadesta.eu\/nl\/wp-json\/wp\/v2\/product_brand?post=8704"},{"taxonomy":"product_cat","embeddable":true,"href":"https:\/\/novadesta.eu\/nl\/wp-json\/wp\/v2\/product_cat?post=8704"},{"taxonomy":"product_tag","embeddable":true,"href":"https:\/\/novadesta.eu\/nl\/wp-json\/wp\/v2\/product_tag?post=8704"}],"curies":[{"name":"wp","href":"https:\/\/api.w.org\/{rel}","templated":true}]}}